{"id":9,"date":"2024-01-08T19:39:23","date_gmt":"2024-01-08T19:39:23","guid":{"rendered":"https:\/\/myeloma.dk\/?page_id=9"},"modified":"2026-03-19T14:02:43","modified_gmt":"2026-03-19T14:02:43","slug":"bestyrelse","status":"publish","type":"page","link":"https:\/\/myeloma.dk\/index.php\/bestyrelse\/","title":{"rendered":"Bestyrelse"},"content":{"rendered":"\n<ul class=\"wp-block-list\">\n<li>Forperson: Overl\u00e6ge, ph.d., Ida Bruun Kristensen, H\u00e6matologisk Afdeling, Odense Universitetshospital,&nbsp;<a href=\"https:\/\/mail.google.com\/mail\/?view=cm&amp;fs=1&amp;tf=1&amp;to=ida.bruun.kristensen@rsyd.dk\" target=\"_blank\" rel=\"noreferrer noopener\">ida.bruun.kristensen@rsyd.dk<\/a><\/li>\n\n\n\n<li>N\u00e6stforperson: Speciall\u00e6ge Maja \u00d8lholm Vase, Blodsygdomme, Aarhus Universitshospital,&nbsp;<a href=\"https:\/\/mail.google.com\/mail\/?view=cm&amp;fs=1&amp;tf=1&amp;to=anjklo@rm.dk\" target=\"_blank\" rel=\"noreferrer noopener\">majavase@rm.dk<\/a><\/li>\n\n\n\n<li>Kasserer: afventer udpegning<\/li>\n\n\n\n<li>Overl\u00e6ge, ph.d. Emil Hermansen, Afdeling for Blodsygdomme, Rigshospitalet,&nbsp;<a href=\"https:\/\/myeloma.hematology.dk\/%3Ca%20href=\"><\/a><a href=\"https:\/\/mail.google.com\/mail\/?view=cm&amp;fs=1&amp;tf=1&amp;to=emil.hermansen@regionh.dk\" target=\"_blank\" rel=\"noreferrer noopener\">emil.hermansen@regionh.dk<\/a><\/li>\n\n\n\n<li>Speciall\u00e6ge Nicolai Gr\u00f8nne, H\u00e6matologisk Afdeling, Sj\u00e6llands Universitetshospital, Roskilde<\/li>\n\n\n\n<li>Overl\u00e6ge Charlotte Kristiansen, Onkologisk Afdeling, Sygehus Lilleb\u00e6lt,&nbsp;<a href=\"https:\/\/mail.google.com\/mail\/?view=cm&amp;fs=1&amp;tf=1&amp;to=Charlotte.Kristiansen@rsyd.dk\" target=\"_blank\" rel=\"noreferrer noopener\">Charlotte.Kristiansen@rsyd.dk<\/a><\/li>\n\n\n\n<li>Overl\u00e6ge Danijela Dejanovic, Afdeling for Klinisk Fysiologi og Nuklearmedicin, Rigshospitalet&nbsp;<a href=\"https:\/\/mail.google.com\/mail\/?view=cm&amp;fs=1&amp;tf=1&amp;to=danijela.dejanovic@regionh.dk\" target=\"_blank\" rel=\"noreferrer noopener\">danijela.dejanovic@regionh.dk<\/a><\/li>\n\n\n\n<li>Overl\u00e6ge Hanne E. H. M\u00f8ller, Afdeling for Klinisk Patologi, Odense Universitetshospital,&nbsp;<a href=\"https:\/\/mail.google.com\/mail\/?view=cm&amp;fs=1&amp;tf=1&amp;to=hanne.moeller@rsyd.dk\" target=\"_blank\" rel=\"noreferrer noopener\">hanne.moeller@rsyd.dk<\/a><\/li>\n\n\n\n<li>Overl\u00e6ge Jon Asmussen, Radiologisk Afdeling, Odense Universitetshospital,&nbsp;<a href=\"https:\/\/mail.google.com\/mail\/?view=cm&amp;fs=1&amp;tf=1&amp;to=jon.asmussen@rsyd.dk\" target=\"_blank\" rel=\"noreferrer noopener\">jon.asmussen@rsyd.dk<\/a><\/li>\n\n\n\n<li>Overl\u00e6ge, ph.d. Thomas Lund,\u00a0 Medicinsk Afdeling, Sygehus Lilleb\u00e6lt, Vejle,\u00a0<a href=\"https:\/\/mail.google.com\/mail\/?view=cm&amp;fs=1&amp;tf=1&amp;to=maja.hinge@rsyd.dk\" target=\"_blank\" rel=\"noreferrer noopener\"><a href=\"mailto:Thomas.Lund2@rsyd.dk\">Thomas.Lund2@rsyd.dk<\/a><\/a><\/li>\n\n\n\n<li>Speciall\u00e6ge Manuela Teodorescu, H\u00e6matologisk Afdeling, Aalborg Universitetshospital, <a href=\"mailto:emt@rn.dk\">emt@rn.dk<\/a><\/li>\n\n\n\n<li>Overl\u00e6ge Per Tr\u00f8llund Pedersen, H\u00e6matologisk Afsnit, Sydvestjysk Sygehus, Esbjerg,&nbsp;<a href=\"https:\/\/myeloma.hematology.dk\/%3Ca%20href=\"><\/a><a href=\"https:\/\/mail.google.com\/mail\/?view=cm&amp;fs=1&amp;tf=1&amp;to=per.troellund.pedersen@rsyd.dk\" target=\"_blank\" rel=\"noreferrer noopener\">per.troellund.pedersen@rsyd.dk<\/a><\/li>\n\n\n\n<li>Overl\u00e6ge, ph.d. Robert Schou Pedersen, Medicinsk Afdeling, Regionshospitalet G\u00f8dstrup,&nbsp;<a href=\"https:\/\/mail.google.com\/mail\/?view=cm&amp;fs=1&amp;tf=1&amp;to=robert.schou.pedersen@goedstrup.rm.dk\" target=\"_blank\" rel=\"noreferrer noopener\">robert.schou.pedersen@goedstrup.rm.dk<\/a><\/li>\n<\/ul>\n","protected":false},"excerpt":{"rendered":"","protected":false},"author":1,"featured_media":0,"parent":0,"menu_order":0,"comment_status":"closed","ping_status":"closed","template":"","meta":{"_price":"","_stock":"","_tribe_ticket_header":"","_tribe_default_ticket_provider":"","_tribe_ticket_capacity":"0","_ticket_start_date":"","_ticket_end_date":"","_tribe_ticket_show_description":"","_tribe_ticket_show_not_going":false,"_tribe_ticket_use_global_stock":"","_tribe_ticket_global_stock_level":"","_global_stock_mode":"","_global_stock_cap":"","_tribe_rsvp_for_event":"","_tribe_ticket_going_count":"","_tribe_ticket_not_going_count":"","_tribe_tickets_list":"[]","_tribe_ticket_has_attendee_info_fields":false,"_EventAllDay":false,"_EventTimezone":"","_EventStartDate":"","_EventEndDate":"","_EventStartDateUTC":"","_EventEndDateUTC":"","_EventShowMap":false,"_EventShowMapLink":false,"_EventURL":"","_EventCost":"","_EventCostDescription":"","_EventCurrencySymbol":"","_EventCurrencyCode":"","_EventCurrencyPosition":"","_EventDateTimeSeparator":"","_EventTimeRangeSeparator":"","_EventOrganizerID":[],"_EventVenueID":[],"_OrganizerEmail":"","_OrganizerPhone":"","_OrganizerWebsite":"","_VenueAddress":"","_VenueCity":"","_VenueCountry":"","_VenueProvince":"","_VenueState":"","_VenueZip":"","_VenuePhone":"","_VenueURL":"","_VenueStateProvince":"","_VenueLat":"","_VenueLng":"","_VenueShowMap":false,"_VenueShowMapLink":false,"footnotes":"","_tec_slr_enabled":"","_tec_slr_layout":""},"class_list":["post-9","page","type-page","status-publish","hentry"],"ticketed":false,"_links":{"self":[{"href":"https:\/\/myeloma.dk\/index.php\/wp-json\/wp\/v2\/pages\/9","targetHints":{"allow":["GET"]}}],"collection":[{"href":"https:\/\/myeloma.dk\/index.php\/wp-json\/wp\/v2\/pages"}],"about":[{"href":"https:\/\/myeloma.dk\/index.php\/wp-json\/wp\/v2\/types\/page"}],"author":[{"embeddable":true,"href":"https:\/\/myeloma.dk\/index.php\/wp-json\/wp\/v2\/users\/1"}],"replies":[{"embeddable":true,"href":"https:\/\/myeloma.dk\/index.php\/wp-json\/wp\/v2\/comments?post=9"}],"version-history":[{"count":9,"href":"https:\/\/myeloma.dk\/index.php\/wp-json\/wp\/v2\/pages\/9\/revisions"}],"predecessor-version":[{"id":313,"href":"https:\/\/myeloma.dk\/index.php\/wp-json\/wp\/v2\/pages\/9\/revisions\/313"}],"wp:attachment":[{"href":"https:\/\/myeloma.dk\/index.php\/wp-json\/wp\/v2\/media?parent=9"}],"curies":[{"name":"wp","href":"https:\/\/api.w.org\/{rel}","templated":true}]}}