{"id":28,"date":"2024-01-08T21:24:03","date_gmt":"2024-01-08T21:24:03","guid":{"rendered":"https:\/\/myeloma.dk\/?page_id=28"},"modified":"2024-01-08T21:24:03","modified_gmt":"2024-01-08T21:24:03","slug":"internationalt-samarbejde","status":"publish","type":"page","link":"https:\/\/myeloma.dk\/index.php\/internationalt-samarbejde\/","title":{"rendered":"Internationalt samarbejde"},"content":{"rendered":"\n<p>Internationalt samarbejde har v\u00e6ret en h\u00f8j prioritet, siden DMSG blev etableret i 2005.<\/p>\n\n\n\n<h2 class=\"wp-block-heading\"><strong>DMSGs samarbejde med Nordic Myeloma Study Group (NMSG)<\/strong><\/h2>\n\n\n\n<p>DMSG har et n\u00e6rt samarbejde med den nordiske organisation, NMSG, som i de sidste 20 \u00e5r har gennemf\u00f8rt kliniske studier med bred national deltagelse fra afdelinger i Norge, Sverige, Island og Danmark.&nbsp;<\/p>\n\n\n\n<h2 class=\"wp-block-heading\"><strong>DMSGs samarbejde med European Myeloma Network (EMN)<\/strong><\/h2>\n\n\n\n<p>European Myeloma Network er et europ\u00e6isk netv\u00e6rk for forskere indenfor myelomatose. Samarbejdet indenfor EMN forts\u00e6tter med at udvikle sig, hvilket danner grundlag for flere europ\u00e6isk-funderede studier.&nbsp;<\/p>\n\n\n\n<h2 class=\"wp-block-heading\"><strong>DMSGs samarbejde med International Myeloma Working Group (IMWG)<\/strong><\/h2>\n\n\n\n<p>International Myeloma Working Group er en international interessegruppe best\u00e5ende af forskere indenfor myelomatose.&nbsp;<\/p>\n\n\n\n<p>IMWG har haft stor betydning for afvikling af forskerm\u00f8der og kongresser s\u00e5vel som for etablering af nye diagnostiske metoder og behandlinger gennem udarbejdelsen af en r\u00e6kke guidelines.<\/p>\n","protected":false},"excerpt":{"rendered":"<p>Internationalt samarbejde har v\u00e6ret en h\u00f8j prioritet, siden DMSG blev etableret i 2005. DMSGs samarbejde med Nordic Myeloma Study Group (NMSG) DMSG har et n\u00e6rt samarbejde med den nordiske organisation, [&hellip;]<\/p>\n","protected":false},"author":1,"featured_media":0,"parent":0,"menu_order":0,"comment_status":"closed","ping_status":"closed","template":"","meta":{"_price":"","_stock":"","_tribe_ticket_header":"","_tribe_default_ticket_provider":"","_tribe_ticket_capacity":"0","_ticket_start_date":"","_ticket_end_date":"","_tribe_ticket_show_description":"","_tribe_ticket_show_not_going":false,"_tribe_ticket_use_global_stock":"","_tribe_ticket_global_stock_level":"","_global_stock_mode":"","_global_stock_cap":"","_tribe_rsvp_for_event":"","_tribe_ticket_going_count":"","_tribe_ticket_not_going_count":"","_tribe_tickets_list":"[]","_tribe_ticket_has_attendee_info_fields":false,"_EventAllDay":false,"_EventTimezone":"","_EventStartDate":"","_EventEndDate":"","_EventStartDateUTC":"","_EventEndDateUTC":"","_EventShowMap":false,"_EventShowMapLink":false,"_EventURL":"","_EventCost":"","_EventCostDescription":"","_EventCurrencySymbol":"","_EventCurrencyCode":"","_EventCurrencyPosition":"","_EventDateTimeSeparator":"","_EventTimeRangeSeparator":"","_EventOrganizerID":[],"_EventVenueID":[],"_OrganizerEmail":"","_OrganizerPhone":"","_OrganizerWebsite":"","_VenueAddress":"","_VenueCity":"","_VenueCountry":"","_VenueProvince":"","_VenueState":"","_VenueZip":"","_VenuePhone":"","_VenueURL":"","_VenueStateProvince":"","_VenueLat":"","_VenueLng":"","_VenueShowMap":false,"_VenueShowMapLink":false,"footnotes":"","_tec_slr_enabled":"","_tec_slr_layout":""},"class_list":["post-28","page","type-page","status-publish","hentry"],"ticketed":false,"_links":{"self":[{"href":"https:\/\/myeloma.dk\/index.php\/wp-json\/wp\/v2\/pages\/28","targetHints":{"allow":["GET"]}}],"collection":[{"href":"https:\/\/myeloma.dk\/index.php\/wp-json\/wp\/v2\/pages"}],"about":[{"href":"https:\/\/myeloma.dk\/index.php\/wp-json\/wp\/v2\/types\/page"}],"author":[{"embeddable":true,"href":"https:\/\/myeloma.dk\/index.php\/wp-json\/wp\/v2\/users\/1"}],"replies":[{"embeddable":true,"href":"https:\/\/myeloma.dk\/index.php\/wp-json\/wp\/v2\/comments?post=28"}],"version-history":[{"count":1,"href":"https:\/\/myeloma.dk\/index.php\/wp-json\/wp\/v2\/pages\/28\/revisions"}],"predecessor-version":[{"id":29,"href":"https:\/\/myeloma.dk\/index.php\/wp-json\/wp\/v2\/pages\/28\/revisions\/29"}],"wp:attachment":[{"href":"https:\/\/myeloma.dk\/index.php\/wp-json\/wp\/v2\/media?parent=28"}],"curies":[{"name":"wp","href":"https:\/\/api.w.org\/{rel}","templated":true}]}}