{"id":26,"date":"2024-01-08T21:23:42","date_gmt":"2024-01-08T21:23:42","guid":{"rendered":"https:\/\/myeloma.dk\/?page_id=26"},"modified":"2024-01-08T21:23:42","modified_gmt":"2024-01-08T21:23:42","slug":"biobank","status":"publish","type":"page","link":"https:\/\/myeloma.dk\/index.php\/biobank\/","title":{"rendered":"Biobank"},"content":{"rendered":"\n<p>Et af form\u00e5lene&nbsp;med DMSG har v\u00e6ret at etablere og drive en national forankret biobank som er forskningsegnet og som er&nbsp;knyttet til de kliniske data som rapporteres til den landsd\u00e6kkende myelomatose database (LMDB).<\/p>\n\n\n\n<p>Sidel\u00f8bende med denne proces blev Dansk CancerBiobank (DCB) oprettet i 2009. DCB var fra begyndelsen rettet mod nedfrysning af v\u00e6vsmateriale fra de solide cancere. DMSG bidrog efterf\u00f8lgende i en f\u00e6lles h\u00e6matologisk indsats for at blive en del af DCB og dermed ogs\u00e5 sikre muligheden for biobanking af de flydende cancere i blod og knoglemarv.<\/p>\n\n\n\n<p>Dette lykkedes, idet de h\u00e6matologiske kr\u00e6ftsygdomme i 2012 blev en integreret del af DCB. Dette har sikret en fremadrettet finansiering og struktur for indsamling af biologisk materiale ved myelomatose og besl\u00e6gtede sygdomme.<\/p>\n","protected":false},"excerpt":{"rendered":"<p>Et af form\u00e5lene&nbsp;med DMSG har v\u00e6ret at etablere og drive en national forankret biobank som er forskningsegnet og som er&nbsp;knyttet til de kliniske data som rapporteres til den landsd\u00e6kkende myelomatose [&hellip;]<\/p>\n","protected":false},"author":1,"featured_media":0,"parent":0,"menu_order":0,"comment_status":"closed","ping_status":"closed","template":"","meta":{"_price":"","_stock":"","_tribe_ticket_header":"","_tribe_default_ticket_provider":"","_tribe_ticket_capacity":"0","_ticket_start_date":"","_ticket_end_date":"","_tribe_ticket_show_description":"","_tribe_ticket_show_not_going":false,"_tribe_ticket_use_global_stock":"","_tribe_ticket_global_stock_level":"","_global_stock_mode":"","_global_stock_cap":"","_tribe_rsvp_for_event":"","_tribe_ticket_going_count":"","_tribe_ticket_not_going_count":"","_tribe_tickets_list":"[]","_tribe_ticket_has_attendee_info_fields":false,"_EventAllDay":false,"_EventTimezone":"","_EventStartDate":"","_EventEndDate":"","_EventStartDateUTC":"","_EventEndDateUTC":"","_EventShowMap":false,"_EventShowMapLink":false,"_EventURL":"","_EventCost":"","_EventCostDescription":"","_EventCurrencySymbol":"","_EventCurrencyCode":"","_EventCurrencyPosition":"","_EventDateTimeSeparator":"","_EventTimeRangeSeparator":"","_EventOrganizerID":[],"_EventVenueID":[],"_OrganizerEmail":"","_OrganizerPhone":"","_OrganizerWebsite":"","_VenueAddress":"","_VenueCity":"","_VenueCountry":"","_VenueProvince":"","_VenueState":"","_VenueZip":"","_VenuePhone":"","_VenueURL":"","_VenueStateProvince":"","_VenueLat":"","_VenueLng":"","_VenueShowMap":false,"_VenueShowMapLink":false,"footnotes":"","_tec_slr_enabled":"","_tec_slr_layout":""},"class_list":["post-26","page","type-page","status-publish","hentry"],"ticketed":false,"_links":{"self":[{"href":"https:\/\/myeloma.dk\/index.php\/wp-json\/wp\/v2\/pages\/26","targetHints":{"allow":["GET"]}}],"collection":[{"href":"https:\/\/myeloma.dk\/index.php\/wp-json\/wp\/v2\/pages"}],"about":[{"href":"https:\/\/myeloma.dk\/index.php\/wp-json\/wp\/v2\/types\/page"}],"author":[{"embeddable":true,"href":"https:\/\/myeloma.dk\/index.php\/wp-json\/wp\/v2\/users\/1"}],"replies":[{"embeddable":true,"href":"https:\/\/myeloma.dk\/index.php\/wp-json\/wp\/v2\/comments?post=26"}],"version-history":[{"count":1,"href":"https:\/\/myeloma.dk\/index.php\/wp-json\/wp\/v2\/pages\/26\/revisions"}],"predecessor-version":[{"id":27,"href":"https:\/\/myeloma.dk\/index.php\/wp-json\/wp\/v2\/pages\/26\/revisions\/27"}],"wp:attachment":[{"href":"https:\/\/myeloma.dk\/index.php\/wp-json\/wp\/v2\/media?parent=26"}],"curies":[{"name":"wp","href":"https:\/\/api.w.org\/{rel}","templated":true}]}}