{"id":24,"date":"2024-01-08T21:23:21","date_gmt":"2024-01-08T21:23:21","guid":{"rendered":"https:\/\/myeloma.dk\/?page_id=24"},"modified":"2024-01-08T21:23:21","modified_gmt":"2024-01-08T21:23:21","slug":"eksperimentel-forskning","status":"publish","type":"page","link":"https:\/\/myeloma.dk\/index.php\/eksperimentel-forskning\/","title":{"rendered":"Eksperimentel forskning"},"content":{"rendered":"\n<p>P\u00e5 baggrund af den \u00f8gede nationale samt internationale forskningsaktivitet i de sygdomsbiologiske aspekter af myelomatose, er der er i den seneste \u00e5rr\u00e6kke kommet ny viden om de patogenetiske og patofysiologiske mekanismer som muligg\u00f8r kr\u00e6ftcellernes v\u00e6kst og overlevelse ved myelomatose. Disse fremskridt har forbedret diagnostik og prognosticering af myelomatose. Ligeledes forventes det at behandlingsmulighederne inden for de kommende \u00e5r ogs\u00e5 vil blive forbedret, f.eks. gennem implementering af individualiseret m\u00e5lrettet behandling (targeted therapy).<\/p>\n\n\n\n<h2 class=\"wp-block-heading\"><strong>Den eksperimentelle forsknings betydning<\/strong><\/h2>\n\n\n\n<p>Udvikling af ny medicin sker typisk med afs\u00e6t i eksperimentel laboratorieforskning &#8211; specielt forskning i sygdommens biologi \u2013 hvilket understreger vigtigheden af laboratorieforskning. I Danmark er der en meget aktiv forskningsaktivitet i de biologiske aspekter ved myelomatose, samtidig med at der er aktive myelomatose-forskere p\u00e5 internationalt niveau i alle landets&nbsp;regioner. Dette har v\u00e6ret medvirkende til at skabe et meget frugtbart samarbejde i DMSG og vil fremover skabe endnu flere forskningsmuligheder og synergieffekter.<\/p>\n\n\n\n<h2 class=\"wp-block-heading\"><strong>Eksperimentel forskning og DMSG<\/strong><\/h2>\n\n\n\n<p>En af opgaverne for DMSG ift. eksperimentel forskning er at koordinere forskningsindsatsen og udnytte de kompetencer og ekspertiser som allerede findes i Danmark. Dette vil skabe synergieffekter og fremme mulighederne for at indg\u00e5 i internationale forskningssamarbejder.<\/p>\n","protected":false},"excerpt":{"rendered":"<p>P\u00e5 baggrund af den \u00f8gede nationale samt internationale forskningsaktivitet i de sygdomsbiologiske aspekter af myelomatose, er der er i den seneste \u00e5rr\u00e6kke kommet ny viden om de patogenetiske og patofysiologiske [&hellip;]<\/p>\n","protected":false},"author":1,"featured_media":0,"parent":0,"menu_order":0,"comment_status":"closed","ping_status":"closed","template":"","meta":{"_price":"","_stock":"","_tribe_ticket_header":"","_tribe_default_ticket_provider":"","_tribe_ticket_capacity":"0","_ticket_start_date":"","_ticket_end_date":"","_tribe_ticket_show_description":"","_tribe_ticket_show_not_going":false,"_tribe_ticket_use_global_stock":"","_tribe_ticket_global_stock_level":"","_global_stock_mode":"","_global_stock_cap":"","_tribe_rsvp_for_event":"","_tribe_ticket_going_count":"","_tribe_ticket_not_going_count":"","_tribe_tickets_list":"[]","_tribe_ticket_has_attendee_info_fields":false,"_EventAllDay":false,"_EventTimezone":"","_EventStartDate":"","_EventEndDate":"","_EventStartDateUTC":"","_EventEndDateUTC":"","_EventShowMap":false,"_EventShowMapLink":false,"_EventURL":"","_EventCost":"","_EventCostDescription":"","_EventCurrencySymbol":"","_EventCurrencyCode":"","_EventCurrencyPosition":"","_EventDateTimeSeparator":"","_EventTimeRangeSeparator":"","_EventOrganizerID":[],"_EventVenueID":[],"_OrganizerEmail":"","_OrganizerPhone":"","_OrganizerWebsite":"","_VenueAddress":"","_VenueCity":"","_VenueCountry":"","_VenueProvince":"","_VenueState":"","_VenueZip":"","_VenuePhone":"","_VenueURL":"","_VenueStateProvince":"","_VenueLat":"","_VenueLng":"","_VenueShowMap":false,"_VenueShowMapLink":false,"footnotes":"","_tec_slr_enabled":"","_tec_slr_layout":""},"class_list":["post-24","page","type-page","status-publish","hentry"],"ticketed":false,"_links":{"self":[{"href":"https:\/\/myeloma.dk\/index.php\/wp-json\/wp\/v2\/pages\/24","targetHints":{"allow":["GET"]}}],"collection":[{"href":"https:\/\/myeloma.dk\/index.php\/wp-json\/wp\/v2\/pages"}],"about":[{"href":"https:\/\/myeloma.dk\/index.php\/wp-json\/wp\/v2\/types\/page"}],"author":[{"embeddable":true,"href":"https:\/\/myeloma.dk\/index.php\/wp-json\/wp\/v2\/users\/1"}],"replies":[{"embeddable":true,"href":"https:\/\/myeloma.dk\/index.php\/wp-json\/wp\/v2\/comments?post=24"}],"version-history":[{"count":2,"href":"https:\/\/myeloma.dk\/index.php\/wp-json\/wp\/v2\/pages\/24\/revisions"}],"predecessor-version":[{"id":108,"href":"https:\/\/myeloma.dk\/index.php\/wp-json\/wp\/v2\/pages\/24\/revisions\/108"}],"wp:attachment":[{"href":"https:\/\/myeloma.dk\/index.php\/wp-json\/wp\/v2\/media?parent=24"}],"curies":[{"name":"wp","href":"https:\/\/api.w.org\/{rel}","templated":true}]}}