{"id":18,"date":"2024-01-08T19:46:15","date_gmt":"2024-01-08T19:46:15","guid":{"rendered":"https:\/\/myeloma.dk\/?page_id=18"},"modified":"2025-04-11T11:36:21","modified_gmt":"2025-04-11T11:36:21","slug":"aarsrapporter","status":"publish","type":"page","link":"https:\/\/myeloma.dk\/index.php\/aarsrapporter\/","title":{"rendered":"\u00c5rsrapporter"},"content":{"rendered":"\n<p>\u00c5rsrapporter fra Dansk Myelomatose Database (DaMyDa)<\/p>\n\n\n\n<p><a href=\"https:\/\/myeloma.dk\/wp-content\/uploads\/2025\/04\/Aarsrapport2023.pdf\" data-type=\"attachment\" data-id=\"251\">\u00c5rsrapport2023<\/a><\/p>\n\n\n\n<div class=\"wp-block-group has-global-padding is-layout-constrained wp-block-group-is-layout-constrained\">\n<p><a href=\"https:\/\/myeloma.dk\/wp-content\/uploads\/2024\/02\/Aarsrapport_2022.pdf\" data-type=\"link\" data-id=\"https:\/\/myeloma.dk\/wp-content\/uploads\/2024\/02\/Aarsrapport_2022.pdf\" target=\"_blank\" rel=\"noreferrer noopener\">\u00c5rsrapport 2022<\/a><\/p>\n\n\n\n<p><a href=\"https:\/\/myeloma.dk\/wp-content\/uploads\/2024\/02\/Aarsrapport_2021.pdf\" data-type=\"attachment\" data-id=\"129\">\u00c5rsrapport 2021<\/a><\/p>\n\n\n\n<p><a href=\"https:\/\/myeloma.dk\/wp-content\/uploads\/2024\/02\/Aarsrapport_2020.pdf\" data-type=\"attachment\" data-id=\"128\">\u00c5rsrapport 2020<\/a><\/p>\n\n\n\n<p><a href=\"https:\/\/myeloma.dk\/wp-content\/uploads\/2024\/02\/Aarsrapport_2019.pdf\" data-type=\"attachment\" data-id=\"127\">\u00c5rsrapport 2019<\/a><\/p>\n\n\n\n<p><a href=\"https:\/\/myeloma.dk\/wp-content\/uploads\/2024\/02\/Aarsrapport_2018.pdf\" data-type=\"attachment\" data-id=\"126\">\u00c5rsrapport 2018<\/a><\/p>\n\n\n\n<p><a href=\"https:\/\/myeloma.dk\/wp-content\/uploads\/2024\/02\/Aarsrapport_2017.pdf\" data-type=\"attachment\" data-id=\"125\">\u00c5rsrapport 2017<\/a><\/p>\n\n\n\n<p><a href=\"https:\/\/myeloma.dk\/wp-content\/uploads\/2024\/02\/Aarsrapport_2016.pdf\" data-type=\"attachment\" data-id=\"124\">\u00c5rsrapport 2016<\/a><\/p>\n\n\n\n<p><a href=\"https:\/\/myeloma.dk\/wp-content\/uploads\/2024\/02\/Aarsrapport_2015.pdf\" data-type=\"attachment\" data-id=\"123\">\u00c5rsrapport 2015<\/a><\/p>\n\n\n\n<p><a href=\"https:\/\/myeloma.dk\/wp-content\/uploads\/2024\/02\/Aarsrapport_2014.pdf\" data-type=\"attachment\" data-id=\"122\">\u00c5rsrapport 2014<\/a><\/p>\n\n\n\n<p><a href=\"https:\/\/myeloma.dk\/wp-content\/uploads\/2024\/02\/Aarsrapport_2013.pdf\" data-type=\"attachment\" data-id=\"121\">\u00c5rsrapport 2013<\/a><\/p>\n\n\n\n<p><a href=\"https:\/\/myeloma.dk\/wp-content\/uploads\/2024\/02\/Aarsrapport_2012.pdf\" data-type=\"attachment\" data-id=\"120\">\u00c5rsrapport 2012<\/a><\/p>\n\n\n\n<p><\/p>\n\n\n\n<p>DMSG afgiver hvert \u00e5r \u00e5rsberetning, som publiceres under H\u00e6mDMCG (H\u00e6matologisk F\u00e6llesforum p\u00e5):<\/p>\n\n\n\n<p><a href=\"https:\/\/www.dmcg.dk\/aarsberetninger-og-udgivelser\/dmcg-aarsberetninger\/\">https:\/\/www.dmcg.dk\/aarsberetninger-og-udgivelser\/dmcg-aarsberetninger\/<\/a><\/p>\n\n\n\n<p><\/p>\n<\/div>\n","protected":false},"excerpt":{"rendered":"<p>\u00c5rsrapporter fra Dansk Myelomatose Database (DaMyDa) \u00c5rsrapport2023 \u00c5rsrapport 2022 \u00c5rsrapport 2021 \u00c5rsrapport 2020 \u00c5rsrapport 2019 \u00c5rsrapport 2018 \u00c5rsrapport 2017 \u00c5rsrapport 2016 \u00c5rsrapport 2015 \u00c5rsrapport 2014 \u00c5rsrapport 2013 \u00c5rsrapport 2012 DMSG [&hellip;]<\/p>\n","protected":false},"author":1,"featured_media":0,"parent":0,"menu_order":0,"comment_status":"closed","ping_status":"closed","template":"","meta":{"_price":"","_stock":"","_tribe_ticket_header":"","_tribe_default_ticket_provider":"","_tribe_ticket_capacity":"0","_ticket_start_date":"","_ticket_end_date":"","_tribe_ticket_show_description":"","_tribe_ticket_show_not_going":false,"_tribe_ticket_use_global_stock":"","_tribe_ticket_global_stock_level":"","_global_stock_mode":"","_global_stock_cap":"","_tribe_rsvp_for_event":"","_tribe_ticket_going_count":"","_tribe_ticket_not_going_count":"","_tribe_tickets_list":"[]","_tribe_ticket_has_attendee_info_fields":false,"_EventAllDay":false,"_EventTimezone":"","_EventStartDate":"","_EventEndDate":"","_EventStartDateUTC":"","_EventEndDateUTC":"","_EventShowMap":false,"_EventShowMapLink":false,"_EventURL":"","_EventCost":"","_EventCostDescription":"","_EventCurrencySymbol":"","_EventCurrencyCode":"","_EventCurrencyPosition":"","_EventDateTimeSeparator":"","_EventTimeRangeSeparator":"","_EventOrganizerID":[],"_EventVenueID":[],"_OrganizerEmail":"","_OrganizerPhone":"","_OrganizerWebsite":"","_VenueAddress":"","_VenueCity":"","_VenueCountry":"","_VenueProvince":"","_VenueState":"","_VenueZip":"","_VenuePhone":"","_VenueURL":"","_VenueStateProvince":"","_VenueLat":"","_VenueLng":"","_VenueShowMap":false,"_VenueShowMapLink":false,"footnotes":"","_tec_slr_enabled":"","_tec_slr_layout":""},"class_list":["post-18","page","type-page","status-publish","hentry"],"ticketed":false,"_links":{"self":[{"href":"https:\/\/myeloma.dk\/index.php\/wp-json\/wp\/v2\/pages\/18","targetHints":{"allow":["GET"]}}],"collection":[{"href":"https:\/\/myeloma.dk\/index.php\/wp-json\/wp\/v2\/pages"}],"about":[{"href":"https:\/\/myeloma.dk\/index.php\/wp-json\/wp\/v2\/types\/page"}],"author":[{"embeddable":true,"href":"https:\/\/myeloma.dk\/index.php\/wp-json\/wp\/v2\/users\/1"}],"replies":[{"embeddable":true,"href":"https:\/\/myeloma.dk\/index.php\/wp-json\/wp\/v2\/comments?post=18"}],"version-history":[{"count":10,"href":"https:\/\/myeloma.dk\/index.php\/wp-json\/wp\/v2\/pages\/18\/revisions"}],"predecessor-version":[{"id":253,"href":"https:\/\/myeloma.dk\/index.php\/wp-json\/wp\/v2\/pages\/18\/revisions\/253"}],"wp:attachment":[{"href":"https:\/\/myeloma.dk\/index.php\/wp-json\/wp\/v2\/media?parent=18"}],"curies":[{"name":"wp","href":"https:\/\/api.w.org\/{rel}","templated":true}]}}