{"id":14,"date":"2024-01-08T19:40:31","date_gmt":"2024-01-08T19:40:31","guid":{"rendered":"https:\/\/myeloma.dk\/?page_id=14"},"modified":"2024-01-08T19:40:31","modified_gmt":"2024-01-08T19:40:31","slug":"videndeling","status":"publish","type":"page","link":"https:\/\/myeloma.dk\/index.php\/videndeling\/","title":{"rendered":"Videndeling"},"content":{"rendered":"\n<p>\u00c9n af de vigtigste opgaver for DMSG er at sikre videndeling i, og uden for, det faglige milj\u00f8. DMSG bruger i den forbindelse nedenst\u00e5ende v\u00e6rkt\u00f8jer, for at sikre at den n\u00f8dvendige viden rammer den rigtige m\u00e5lgruppe p\u00e5 det rigtige tidspunkt.<\/p>\n\n\n\n<h2 class=\"wp-block-heading\"><strong>DMSGs hjemmeside<\/strong><\/h2>\n\n\n\n<p>P\u00e5 DMSG&#8217;s hjemmeside er der adgang til kliniske retningslinjer for diagnostik og behandling af myelomatose og besl\u00e6gtede sygdomme.<\/p>\n\n\n\n<h2 class=\"wp-block-heading\"><strong>\u00c5rsrapporterne<\/strong><\/h2>\n\n\n\n<p>DMSG&#8217;s \u00e5rsrapporter udsendes til&nbsp;alle medlemmer af Dansk H\u00e6matologisk Selskab, de medicinske fakulteter, universitetsbiblioteker, sygehus- og afdelingsledelser, Danske Regioner, Sundhedsstyrelsen, Folketingets Sundhedsudvalg, Kr\u00e6ftens Bek\u00e6mpelse, patientforeningen Dansk Myelomatose Forening samt andre nationale og internationale samarbejdspartnere.<\/p>\n\n\n\n<h2 class=\"wp-block-heading\"><strong>Samarbejde med patientforening<\/strong><\/h2>\n\n\n\n<p>DMSG har et uformelt samarbejde med Dansk Myelomatose Forening, som er den danske patientforening for myelomatose, og medlemmer af DMSG holder j\u00e6vnligt foredrag til m\u00f8derne i patientforeningen.<\/p>\n\n\n\n<h2 class=\"wp-block-heading\"><strong>Kr\u00e6ftens Bek\u00e6mpelse<\/strong><\/h2>\n\n\n\n<p>DMSG har samarbejdet med Kr\u00e6ftens Bek\u00e6mpelse i at revidere informationspjecen om myelomatose.<\/p>\n\n\n\n<h2 class=\"wp-block-heading\"><strong>Andre aktiviteter som fremmer videndeling<\/strong><\/h2>\n\n\n\n<p>Derudover bidrager DMSG&#8217;s medlemmer med foredrag ved nationale&nbsp;og internationale m\u00f8der, samt&nbsp;undervisning ved de specialespecifikke kurser for uddannelsesl\u00e6ger i h\u00e6matologi.<\/p>\n","protected":false},"excerpt":{"rendered":"<p>\u00c9n af de vigtigste opgaver for DMSG er at sikre videndeling i, og uden for, det faglige milj\u00f8. DMSG bruger i den forbindelse nedenst\u00e5ende v\u00e6rkt\u00f8jer, for at sikre at den [&hellip;]<\/p>\n","protected":false},"author":1,"featured_media":0,"parent":0,"menu_order":0,"comment_status":"closed","ping_status":"closed","template":"","meta":{"_price":"","_stock":"","_tribe_ticket_header":"","_tribe_default_ticket_provider":"","_tribe_ticket_capacity":"0","_ticket_start_date":"","_ticket_end_date":"","_tribe_ticket_show_description":"","_tribe_ticket_show_not_going":false,"_tribe_ticket_use_global_stock":"","_tribe_ticket_global_stock_level":"","_global_stock_mode":"","_global_stock_cap":"","_tribe_rsvp_for_event":"","_tribe_ticket_going_count":"","_tribe_ticket_not_going_count":"","_tribe_tickets_list":"[]","_tribe_ticket_has_attendee_info_fields":false,"_EventAllDay":false,"_EventTimezone":"","_EventStartDate":"","_EventEndDate":"","_EventStartDateUTC":"","_EventEndDateUTC":"","_EventShowMap":false,"_EventShowMapLink":false,"_EventURL":"","_EventCost":"","_EventCostDescription":"","_EventCurrencySymbol":"","_EventCurrencyCode":"","_EventCurrencyPosition":"","_EventDateTimeSeparator":"","_EventTimeRangeSeparator":"","_EventOrganizerID":[],"_EventVenueID":[],"_OrganizerEmail":"","_OrganizerPhone":"","_OrganizerWebsite":"","_VenueAddress":"","_VenueCity":"","_VenueCountry":"","_VenueProvince":"","_VenueState":"","_VenueZip":"","_VenuePhone":"","_VenueURL":"","_VenueStateProvince":"","_VenueLat":"","_VenueLng":"","_VenueShowMap":false,"_VenueShowMapLink":false,"footnotes":"","_tec_slr_enabled":"","_tec_slr_layout":""},"class_list":["post-14","page","type-page","status-publish","hentry"],"ticketed":false,"_links":{"self":[{"href":"https:\/\/myeloma.dk\/index.php\/wp-json\/wp\/v2\/pages\/14","targetHints":{"allow":["GET"]}}],"collection":[{"href":"https:\/\/myeloma.dk\/index.php\/wp-json\/wp\/v2\/pages"}],"about":[{"href":"https:\/\/myeloma.dk\/index.php\/wp-json\/wp\/v2\/types\/page"}],"author":[{"embeddable":true,"href":"https:\/\/myeloma.dk\/index.php\/wp-json\/wp\/v2\/users\/1"}],"replies":[{"embeddable":true,"href":"https:\/\/myeloma.dk\/index.php\/wp-json\/wp\/v2\/comments?post=14"}],"version-history":[{"count":1,"href":"https:\/\/myeloma.dk\/index.php\/wp-json\/wp\/v2\/pages\/14\/revisions"}],"predecessor-version":[{"id":15,"href":"https:\/\/myeloma.dk\/index.php\/wp-json\/wp\/v2\/pages\/14\/revisions\/15"}],"wp:attachment":[{"href":"https:\/\/myeloma.dk\/index.php\/wp-json\/wp\/v2\/media?parent=14"}],"curies":[{"name":"wp","href":"https:\/\/api.w.org\/{rel}","templated":true}]}}